{"id":3167,"date":"2021-03-17T14:04:44","date_gmt":"2021-03-17T14:04:44","guid":{"rendered":"https:\/\/demeuter-oltmans.be\/technique-du-tadelakt\/"},"modified":"2024-02-15T16:03:40","modified_gmt":"2024-02-15T16:03:40","slug":"technique-du-tadelakt","status":"publish","type":"page","link":"https:\/\/demeuter-oltmans.be\/fr\/technique-du-tadelakt\/","title":{"rendered":"Technique du tadelakt"},"content":{"rendered":"\t\t<div data-elementor-type=\"wp-page\" data-elementor-id=\"3167\" class=\"elementor elementor-3167 elementor-479\" data-elementor-post-type=\"page\">\n\t\t\t\t\t\t<section class=\"elementor-section elementor-top-section elementor-element elementor-element-6a2bc13f elementor-section-height-min-height elementor-section-boxed elementor-section-height-default elementor-section-items-middle\" data-id=\"6a2bc13f\" data-element_type=\"section\" data-settings=\"{&quot;background_background&quot;:&quot;classic&quot;}\">\n\t\t\t\t\t\t\t<div class=\"elementor-background-overlay\"><\/div>\n\t\t\t\t\t\t\t<div class=\"elementor-container elementor-column-gap-wider\">\n\t\t\t\t\t<div class=\"elementor-column elementor-col-100 elementor-top-column elementor-element elementor-element-75869e7b\" data-id=\"75869e7b\" data-element_type=\"column\">\n\t\t\t<div class=\"elementor-widget-wrap elementor-element-populated\">\n\t\t\t\t\t\t<div class=\"elementor-element elementor-element-848e308 elementor-mobile-align-center elementor-tablet-align-center elementor-invisible elementor-widget elementor-widget-button\" data-id=\"848e308\" data-element_type=\"widget\" data-settings=\"{&quot;_animation&quot;:&quot;slideInDown&quot;,&quot;_animation_delay&quot;:200}\" data-widget_type=\"button.default\">\n\t\t\t\t<div class=\"elementor-widget-container\">\n\t\t\t\t\t\t\t\t\t<div class=\"elementor-button-wrapper\">\n\t\t\t\t\t<a class=\"elementor-button elementor-button-link elementor-size-md\" href=\"\/fr\/contact\/\">\n\t\t\t\t\t\t<span class=\"elementor-button-content-wrapper\">\n\t\t\t\t\t\t<span class=\"elementor-button-icon\">\n\t\t\t\t<i aria-hidden=\"true\" class=\"fas fa-caret-right\"><\/i>\t\t\t<\/span>\n\t\t\t\t\t\t\t\t\t<span class=\"elementor-button-text\">Demander une offre<\/span>\n\t\t\t\t\t<\/span>\n\t\t\t\t\t<\/a>\n\t\t\t\t<\/div>\n\t\t\t\t\t\t\t\t<\/div>\n\t\t\t\t<\/div>\n\t\t\t\t\t<\/div>\n\t\t<\/div>\n\t\t\t\t\t<\/div>\n\t\t<\/section>\n\t\t\t\t<section class=\"elementor-section elementor-top-section elementor-element elementor-element-99d8d9c elementor-reverse-tablet elementor-reverse-mobile elementor-section-boxed elementor-section-height-default elementor-section-height-default\" data-id=\"99d8d9c\" data-element_type=\"section\" data-settings=\"{&quot;background_background&quot;:&quot;classic&quot;}\">\n\t\t\t\t\t\t<div class=\"elementor-container elementor-column-gap-wider\">\n\t\t\t\t\t<div class=\"elementor-column elementor-col-33 elementor-top-column elementor-element elementor-element-3563126\" data-id=\"3563126\" data-element_type=\"column\">\n\t\t\t<div class=\"elementor-widget-wrap elementor-element-populated\">\n\t\t\t\t\t\t<section class=\"elementor-section elementor-inner-section elementor-element elementor-element-5bc1ecf elementor-section-height-min-height elementor-section-boxed elementor-section-height-default\" data-id=\"5bc1ecf\" data-element_type=\"section\" data-settings=\"{&quot;background_background&quot;:&quot;classic&quot;}\">\n\t\t\t\t\t\t<div class=\"elementor-container elementor-column-gap-default\">\n\t\t\t\t\t<div class=\"elementor-column elementor-col-100 elementor-inner-column elementor-element elementor-element-cbe778f\" data-id=\"cbe778f\" data-element_type=\"column\">\n\t\t\t<div class=\"elementor-widget-wrap\">\n\t\t\t\t\t\t\t<\/div>\n\t\t<\/div>\n\t\t\t\t\t<\/div>\n\t\t<\/section>\n\t\t\t\t\t<\/div>\n\t\t<\/div>\n\t\t\t\t<div class=\"elementor-column elementor-col-33 elementor-top-column elementor-element elementor-element-f601070\" data-id=\"f601070\" data-element_type=\"column\">\n\t\t\t<div class=\"elementor-widget-wrap\">\n\t\t\t\t\t\t\t<\/div>\n\t\t<\/div>\n\t\t\t\t<div class=\"elementor-column elementor-col-33 elementor-top-column elementor-element elementor-element-cde415b\" data-id=\"cde415b\" data-element_type=\"column\">\n\t\t\t<div class=\"elementor-widget-wrap elementor-element-populated\">\n\t\t\t\t\t\t<div class=\"elementor-element elementor-element-f9d9db8 elementor-position-left elementor-widget-tablet__width-auto elementor-view-default elementor-mobile-position-top elementor-widget elementor-widget-icon-box\" data-id=\"f9d9db8\" data-element_type=\"widget\" data-widget_type=\"icon-box.default\">\n\t\t\t\t<div class=\"elementor-widget-container\">\n\t\t\t\t\t\t\t<div class=\"elementor-icon-box-wrapper\">\n\n\t\t\t\t\t\t<div class=\"elementor-icon-box-icon\">\n\t\t\t\t<span  class=\"elementor-icon\">\n\t\t\t\t<svg xmlns=\"http:\/\/www.w3.org\/2000\/svg\" xmlns:xlink=\"http:\/\/www.w3.org\/1999\/xlink\" id=\"Laag_1\" x=\"0px\" y=\"0px\" viewBox=\"0 0 125 125\" style=\"enable-background:new 0 0 125 125;\" xml:space=\"preserve\"><style type=\"text\/css\">\t.st0{fill:none;stroke:#DF7016;stroke-width:2;stroke-miterlimit:10;}<\/style><polygon class=\"st0\" points=\"63.5,114 104.6,114 104.6,59.7 63.5,29.2 21.7,60.1 21.7,114 \"><\/polygon><line class=\"st0\" x1=\"63.5\" y1=\"29.2\" x2=\"63.5\" y2=\"114\"><\/line><polyline class=\"st0\" points=\"21.7,60.1 17.2,63.4 7.6,53.8 63.5,10.8 118.8,52.2 108.1,62.8 104.6,59.7 \"><\/polyline><\/svg>\t\t\t\t<\/span>\n\t\t\t<\/div>\n\t\t\t\n\t\t\t\t\t\t<div class=\"elementor-icon-box-content\">\n\n\t\t\t\t\t\t\t\t\t<h2 class=\"elementor-icon-box-title\">\n\t\t\t\t\t\t<span  >\n\t\t\t\t\t\t\tLe tadelakt, pl\u00e2tre avec une touche marocaine\t\t\t\t\t\t<\/span>\n\t\t\t\t\t<\/h2>\n\t\t\t\t\n\t\t\t\t\n\t\t\t<\/div>\n\t\t\t\n\t\t<\/div>\n\t\t\t\t\t\t<\/div>\n\t\t\t\t<\/div>\n\t\t\t\t<div class=\"elementor-element elementor-element-1f50a45 elementor-absolute elementor-widget elementor-widget-heading\" data-id=\"1f50a45\" data-element_type=\"widget\" data-settings=\"{&quot;_position&quot;:&quot;absolute&quot;}\" data-widget_type=\"heading.default\">\n\t\t\t\t<div class=\"elementor-widget-container\">\n\t\t\t\t\t<div class=\"elementor-heading-title elementor-size-default\">Imperm\u00e9able<\/div>\t\t\t\t<\/div>\n\t\t\t\t<\/div>\n\t\t\t\t<div class=\"elementor-element elementor-element-89d058d elementor-widget elementor-widget-text-editor\" data-id=\"89d058d\" data-element_type=\"widget\" data-widget_type=\"text-editor.default\">\n\t\t\t\t<div class=\"elementor-widget-container\">\n\t\t\t\t\t\t\t\t\t<p><span style=\"font-weight: 400;\">Le tadelakt est une <\/span><b>chaux typique du Maroc<\/b><span style=\"font-weight: 400;\"> avec laquelle nous pouvons finir vos murs de mani\u00e8re <\/span><b>\u00e9tanche<\/b><span style=\"font-weight: 400;\"> et <\/span><b>brillante<\/b><span style=\"font-weight: 400;\">. Ce type de pl\u00e2tre convient parfaitement aux <\/span><a href=\"\/fr\/platrage-de-facade\/problemes-dhumidite\/\"><b>espaces humides<\/b><\/a><span style=\"font-weight: 400;\"> tels que les salles de bains et les toilettes. Un avantage important du tadelakt est qu&rsquo;il n&rsquo;a <\/span><b>pas de joints<\/b><span style=\"font-weight: 400;\">. L&rsquo;eau glisse simplement du mur.<\/span><\/p><p>En \u00e9t\u00e9, votre maison reste <strong>fra\u00eeche<\/strong> et en hiver, le pl\u00e2tre absorbe toute la <strong>chaleur<\/strong>. En choisissant le tadelakt, vous obtenez un aspect brillant avec un <strong>effet craquel\u00e9 caract\u00e9ristique<\/strong>. Nous pouvons \u00e9galement appliquer le pl\u00e2tre sur les murs de la<strong> cuisine<\/strong> et les <strong>chemin\u00e9es<\/strong> comme un accent unique.<\/p>\t\t\t\t\t\t\t\t<\/div>\n\t\t\t\t<\/div>\n\t\t\t\t<div class=\"elementor-element elementor-element-8b47f14 elementor-mobile-align-center elementor-tablet-align-center elementor-invisible elementor-widget elementor-widget-button\" data-id=\"8b47f14\" data-element_type=\"widget\" data-settings=\"{&quot;_animation&quot;:&quot;slideInDown&quot;,&quot;_animation_delay&quot;:800}\" data-widget_type=\"button.default\">\n\t\t\t\t<div class=\"elementor-widget-container\">\n\t\t\t\t\t\t\t\t\t<div class=\"elementor-button-wrapper\">\n\t\t\t\t\t<a class=\"elementor-button elementor-button-link elementor-size-md\" href=\"\/fr\/contact\/\">\n\t\t\t\t\t\t<span class=\"elementor-button-content-wrapper\">\n\t\t\t\t\t\t<span class=\"elementor-button-icon\">\n\t\t\t\t<i aria-hidden=\"true\" class=\"fas fa-caret-right\"><\/i>\t\t\t<\/span>\n\t\t\t\t\t\t\t\t\t<span class=\"elementor-button-text\">Contactez-nous<\/span>\n\t\t\t\t\t<\/span>\n\t\t\t\t\t<\/a>\n\t\t\t\t<\/div>\n\t\t\t\t\t\t\t\t<\/div>\n\t\t\t\t<\/div>\n\t\t\t\t\t<\/div>\n\t\t<\/div>\n\t\t\t\t\t<\/div>\n\t\t<\/section>\n\t\t\t\t<section class=\"elementor-section elementor-top-section elementor-element elementor-element-671444d elementor-section-full_width elementor-section-height-default elementor-section-height-default\" data-id=\"671444d\" data-element_type=\"section\">\n\t\t\t\t\t\t<div class=\"elementor-container elementor-column-gap-wider\">\n\t\t\t\t\t<div class=\"elementor-column elementor-col-100 elementor-top-column elementor-element elementor-element-fbf2aaf\" data-id=\"fbf2aaf\" data-element_type=\"column\">\n\t\t\t<div class=\"elementor-widget-wrap elementor-element-populated\">\n\t\t\t\t\t\t<section class=\"elementor-section elementor-inner-section elementor-element elementor-element-54523d9 elementor-section-height-min-height elementor-section-boxed elementor-section-height-default\" data-id=\"54523d9\" data-element_type=\"section\" data-settings=\"{&quot;background_background&quot;:&quot;classic&quot;}\">\n\t\t\t\t\t\t\t<div class=\"elementor-background-overlay\"><\/div>\n\t\t\t\t\t\t\t<div class=\"elementor-container elementor-column-gap-wider\">\n\t\t\t\t\t<div class=\"elementor-column elementor-col-50 elementor-inner-column elementor-element elementor-element-2478eb1\" data-id=\"2478eb1\" data-element_type=\"column\">\n\t\t\t<div class=\"elementor-widget-wrap elementor-element-populated\">\n\t\t\t\t\t\t<div class=\"elementor-element elementor-element-fcada31 elementor-widget elementor-widget-heading\" data-id=\"fcada31\" data-element_type=\"widget\" data-widget_type=\"heading.default\">\n\t\t\t\t<div class=\"elementor-widget-container\">\n\t\t\t\t\t<h3 class=\"elementor-heading-title elementor-size-default\">Int\u00e9ress\u00e9 par la technique du tadelakt ?<\/h3>\t\t\t\t<\/div>\n\t\t\t\t<\/div>\n\t\t\t\t<div class=\"elementor-element elementor-element-ba6b60c elementor-widget elementor-widget-heading\" data-id=\"ba6b60c\" data-element_type=\"widget\" data-widget_type=\"heading.default\">\n\t\t\t\t<div class=\"elementor-widget-container\">\n\t\t\t\t\t<div class=\"elementor-heading-title elementor-size-default\">N'h\u00e9sitez pas \u00e0 demander votre offre sans engagement !<\/div>\t\t\t\t<\/div>\n\t\t\t\t<\/div>\n\t\t\t\t\t<\/div>\n\t\t<\/div>\n\t\t\t\t<div class=\"elementor-column elementor-col-50 elementor-inner-column elementor-element elementor-element-bfafe1f\" data-id=\"bfafe1f\" data-element_type=\"column\">\n\t\t\t<div class=\"elementor-widget-wrap elementor-element-populated\">\n\t\t\t\t\t\t<div class=\"elementor-element elementor-element-59e2c4b elementor-mobile-align-center elementor-align-right elementor-widget__width-auto elementor-tablet-align-left elementor-widget elementor-widget-button\" data-id=\"59e2c4b\" data-element_type=\"widget\" data-widget_type=\"button.default\">\n\t\t\t\t<div class=\"elementor-widget-container\">\n\t\t\t\t\t\t\t\t\t<div class=\"elementor-button-wrapper\">\n\t\t\t\t\t<a class=\"elementor-button elementor-button-link elementor-size-md\" href=\"\/fr\/contact\/\">\n\t\t\t\t\t\t<span class=\"elementor-button-content-wrapper\">\n\t\t\t\t\t\t<span class=\"elementor-button-icon\">\n\t\t\t\t<i aria-hidden=\"true\" class=\"fas fa-caret-right\"><\/i>\t\t\t<\/span>\n\t\t\t\t\t\t\t\t\t<span class=\"elementor-button-text\">Je souhaite une offre<\/span>\n\t\t\t\t\t<\/span>\n\t\t\t\t\t<\/a>\n\t\t\t\t<\/div>\n\t\t\t\t\t\t\t\t<\/div>\n\t\t\t\t<\/div>\n\t\t\t\t<div class=\"elementor-element elementor-element-c9ce565 elementor-widget__width-auto elementor-hidden-phone elementor-widget elementor-widget-image\" data-id=\"c9ce565\" data-element_type=\"widget\" data-widget_type=\"image.default\">\n\t\t\t\t<div class=\"elementor-widget-container\">\n\t\t\t\t\t\t\t\t\t\t\t\t\t\t\t\t<a href=\"#elementor-action%3Aaction%3Dlightbox%26settings%3DeyJ0eXBlIjoidmlkZW8iLCJ2aWRlb1R5cGUiOiJob3N0ZWQiLCJ1cmwiOiJodHRwczpcL1wvZGVtZXV0ZXItb2x0bWFucy50ZXN0LWdyb3VuZC5iZVwvd3AtY29udGVudFwvdXBsb2Fkc1wvMjAyMVwvMDNcL3ZpZGVvLTEubXA0In0%3D\">\n\t\t\t\t\t\t\t<img decoding=\"async\" src=\"https:\/\/demeuter-oltmans.be\/wp-content\/uploads\/elementor\/thumbs\/Group-187-pvijomls0iplmli4hlua4cswzhhljqp0y7vlyufs6s.png\" title=\"Group-187.png\" alt=\"Group-187.png\" class=\"elementor-animation-grow\" loading=\"lazy\" \/>\t\t\t\t\t\t\t\t<\/a>\n\t\t\t\t\t\t\t\t\t\t\t\t\t\t\t<\/div>\n\t\t\t\t<\/div>\n\t\t\t\t\t<\/div>\n\t\t<\/div>\n\t\t\t\t\t<\/div>\n\t\t<\/section>\n\t\t\t\t\t<\/div>\n\t\t<\/div>\n\t\t\t\t\t<\/div>\n\t\t<\/section>\n\t\t\t\t<\/div>\n\t\t","protected":false},"excerpt":{"rendered":"<p>Demander une offre Le tadelakt, pl\u00e2tre avec une touche marocaine Imperm\u00e9able Le tadelakt est une chaux typique du Maroc avec laquelle nous pouvons finir vos murs de mani\u00e8re \u00e9tanche et brillante. Ce type de pl\u00e2tre convient parfaitement aux espaces humides tels que les salles de bains et les toilettes. Un avantage important du tadelakt est [&hellip;]<\/p>\n","protected":false},"author":1,"featured_media":0,"parent":0,"menu_order":0,"comment_status":"closed","ping_status":"closed","template":"elementor_header_footer","meta":{"footnotes":""},"class_list":["post-3167","page","type-page","status-publish","hentry"],"_links":{"self":[{"href":"https:\/\/demeuter-oltmans.be\/fr\/wp-json\/wp\/v2\/pages\/3167","targetHints":{"allow":["GET"]}}],"collection":[{"href":"https:\/\/demeuter-oltmans.be\/fr\/wp-json\/wp\/v2\/pages"}],"about":[{"href":"https:\/\/demeuter-oltmans.be\/fr\/wp-json\/wp\/v2\/types\/page"}],"author":[{"embeddable":true,"href":"https:\/\/demeuter-oltmans.be\/fr\/wp-json\/wp\/v2\/users\/1"}],"replies":[{"embeddable":true,"href":"https:\/\/demeuter-oltmans.be\/fr\/wp-json\/wp\/v2\/comments?post=3167"}],"version-history":[{"count":22,"href":"https:\/\/demeuter-oltmans.be\/fr\/wp-json\/wp\/v2\/pages\/3167\/revisions"}],"predecessor-version":[{"id":4338,"href":"https:\/\/demeuter-oltmans.be\/fr\/wp-json\/wp\/v2\/pages\/3167\/revisions\/4338"}],"wp:attachment":[{"href":"https:\/\/demeuter-oltmans.be\/fr\/wp-json\/wp\/v2\/media?parent=3167"}],"curies":[{"name":"wp","href":"https:\/\/api.w.org\/{rel}","templated":true}]}}