{"id":3106,"date":"2021-03-17T11:03:12","date_gmt":"2021-03-17T11:03:12","guid":{"rendered":"https:\/\/demeuter-oltmans.be\/platrage-de-facade\/enduit-de-parement-mineral-pour-facades\/"},"modified":"2024-02-15T15:30:47","modified_gmt":"2024-02-15T15:30:47","slug":"enduit-de-parement-mineral-pour-facades","status":"publish","type":"page","link":"https:\/\/demeuter-oltmans.be\/fr\/platrage-de-facade\/enduit-de-parement-mineral-pour-facades\/","title":{"rendered":"Enduit de parement min\u00e9ral pour fa\u00e7ades"},"content":{"rendered":"\t\t<div data-elementor-type=\"wp-page\" data-elementor-id=\"3106\" class=\"elementor elementor-3106 elementor-371\" data-elementor-post-type=\"page\">\n\t\t\t\t\t\t<section class=\"elementor-section elementor-top-section elementor-element elementor-element-6a2bc13f elementor-section-height-min-height elementor-section-boxed elementor-section-height-default elementor-section-items-middle\" data-id=\"6a2bc13f\" data-element_type=\"section\" data-settings=\"{&quot;background_background&quot;:&quot;classic&quot;}\">\n\t\t\t\t\t\t\t<div class=\"elementor-background-overlay\"><\/div>\n\t\t\t\t\t\t\t<div class=\"elementor-container elementor-column-gap-wider\">\n\t\t\t\t\t<div class=\"elementor-column elementor-col-100 elementor-top-column elementor-element elementor-element-75869e7b\" data-id=\"75869e7b\" data-element_type=\"column\">\n\t\t\t<div class=\"elementor-widget-wrap elementor-element-populated\">\n\t\t\t\t\t\t<div class=\"elementor-element elementor-element-848e308 elementor-mobile-align-center elementor-tablet-align-center elementor-invisible elementor-widget elementor-widget-button\" data-id=\"848e308\" data-element_type=\"widget\" data-settings=\"{&quot;_animation&quot;:&quot;slideInDown&quot;,&quot;_animation_delay&quot;:200}\" data-widget_type=\"button.default\">\n\t\t\t\t<div class=\"elementor-widget-container\">\n\t\t\t\t\t\t\t\t\t<div class=\"elementor-button-wrapper\">\n\t\t\t\t\t<a class=\"elementor-button elementor-button-link elementor-size-md\" href=\"\/fr\/contact\/\">\n\t\t\t\t\t\t<span class=\"elementor-button-content-wrapper\">\n\t\t\t\t\t\t<span class=\"elementor-button-icon\">\n\t\t\t\t<i aria-hidden=\"true\" class=\"fas fa-caret-right\"><\/i>\t\t\t<\/span>\n\t\t\t\t\t\t\t\t\t<span class=\"elementor-button-text\">Demander une offre<\/span>\n\t\t\t\t\t<\/span>\n\t\t\t\t\t<\/a>\n\t\t\t\t<\/div>\n\t\t\t\t\t\t\t\t<\/div>\n\t\t\t\t<\/div>\n\t\t\t\t\t<\/div>\n\t\t<\/div>\n\t\t\t\t\t<\/div>\n\t\t<\/section>\n\t\t\t\t<section class=\"elementor-section elementor-top-section elementor-element elementor-element-99d8d9c elementor-reverse-tablet elementor-reverse-mobile elementor-section-boxed elementor-section-height-default elementor-section-height-default\" data-id=\"99d8d9c\" data-element_type=\"section\" data-settings=\"{&quot;background_background&quot;:&quot;classic&quot;}\">\n\t\t\t\t\t\t<div class=\"elementor-container elementor-column-gap-wider\">\n\t\t\t\t\t<div class=\"elementor-column elementor-col-33 elementor-top-column elementor-element elementor-element-3563126\" data-id=\"3563126\" data-element_type=\"column\">\n\t\t\t<div class=\"elementor-widget-wrap elementor-element-populated\">\n\t\t\t\t\t\t<section class=\"elementor-section elementor-inner-section elementor-element elementor-element-9662ae7 elementor-section-height-min-height elementor-section-boxed elementor-section-height-default\" data-id=\"9662ae7\" data-element_type=\"section\" data-settings=\"{&quot;background_background&quot;:&quot;classic&quot;}\">\n\t\t\t\t\t\t<div class=\"elementor-container elementor-column-gap-default\">\n\t\t\t\t\t<div class=\"elementor-column elementor-col-100 elementor-inner-column elementor-element elementor-element-e756c28\" data-id=\"e756c28\" data-element_type=\"column\">\n\t\t\t<div class=\"elementor-widget-wrap\">\n\t\t\t\t\t\t\t<\/div>\n\t\t<\/div>\n\t\t\t\t\t<\/div>\n\t\t<\/section>\n\t\t\t\t\t<\/div>\n\t\t<\/div>\n\t\t\t\t<div class=\"elementor-column elementor-col-33 elementor-top-column elementor-element elementor-element-f601070\" data-id=\"f601070\" data-element_type=\"column\">\n\t\t\t<div class=\"elementor-widget-wrap\">\n\t\t\t\t\t\t\t<\/div>\n\t\t<\/div>\n\t\t\t\t<div class=\"elementor-column elementor-col-33 elementor-top-column elementor-element elementor-element-cde415b\" data-id=\"cde415b\" data-element_type=\"column\">\n\t\t\t<div class=\"elementor-widget-wrap elementor-element-populated\">\n\t\t\t\t\t\t<div class=\"elementor-element elementor-element-f9d9db8 elementor-position-left elementor-widget-tablet__width-auto elementor-view-default elementor-mobile-position-top elementor-widget elementor-widget-icon-box\" data-id=\"f9d9db8\" data-element_type=\"widget\" data-widget_type=\"icon-box.default\">\n\t\t\t\t<div class=\"elementor-widget-container\">\n\t\t\t\t\t\t\t<div class=\"elementor-icon-box-wrapper\">\n\n\t\t\t\t\t\t<div class=\"elementor-icon-box-icon\">\n\t\t\t\t<span  class=\"elementor-icon\">\n\t\t\t\t<svg xmlns=\"http:\/\/www.w3.org\/2000\/svg\" xmlns:xlink=\"http:\/\/www.w3.org\/1999\/xlink\" id=\"Laag_1\" x=\"0px\" y=\"0px\" viewBox=\"0 0 125 125\" style=\"enable-background:new 0 0 125 125;\" xml:space=\"preserve\"><style type=\"text\/css\">\t.st0{fill:none;stroke:#FFFFFF;stroke-width:2;stroke-miterlimit:10;}\t.st1{fill:none;stroke:#DF7016;stroke-width:2;stroke-miterlimit:10;}<\/style><polygon class=\"st0\" points=\"68.5,114.7 98.2,114.7 98.2,75.5 68.5,53.3 38.3,75.7 38.3,114.7 \"><\/polygon><line class=\"st0\" x1=\"68.5\" y1=\"53.3\" x2=\"68.5\" y2=\"114.7\"><\/line><polyline class=\"st0\" points=\"38.3,75.7 35,78.2 28,71.2 68.5,40 108.5,70 100.8,77.7 98.2,75.5 \"><\/polyline><polygon class=\"st0\" points=\"41.1,53.4 57.7,32.3 41.1,10.4 25.3,31.9 \"><\/polygon><line class=\"st0\" x1=\"25.3\" y1=\"31.9\" x2=\"52.5\" y2=\"31.9\"><\/line><line class=\"st0\" x1=\"41.1\" y1=\"10.4\" x2=\"46.9\" y2=\"31.9\"><\/line><line class=\"st0\" x1=\"41.1\" y1=\"53.4\" x2=\"46\" y2=\"35.6\"><\/line><polyline class=\"st0\" points=\"32.6,22.1 26.8,14.7 13.6,31.9 26.8,49.9 30.3,45.2 \"><\/polyline><line class=\"st0\" x1=\"13.6\" y1=\"31.9\" x2=\"20.4\" y2=\"31.9\"><\/line><\/svg>\t\t\t\t<\/span>\n\t\t\t<\/div>\n\t\t\t\n\t\t\t\t\t\t<div class=\"elementor-icon-box-content\">\n\n\t\t\t\t\t\t\t\t\t<h2 class=\"elementor-icon-box-title\">\n\t\t\t\t\t\t<span  >\n\t\t\t\t\t\t\tEnduit de parement min\u00e9ral comme alternative \u00e9cologique\t\t\t\t\t\t<\/span>\n\t\t\t\t\t<\/h2>\n\t\t\t\t\n\t\t\t\t\n\t\t\t<\/div>\n\t\t\t\n\t\t<\/div>\n\t\t\t\t\t\t<\/div>\n\t\t\t\t<\/div>\n\t\t\t\t<div class=\"elementor-element elementor-element-1f50a45 elementor-absolute elementor-widget elementor-widget-heading\" data-id=\"1f50a45\" data-element_type=\"widget\" data-settings=\"{&quot;_position&quot;:&quot;absolute&quot;}\" data-widget_type=\"heading.default\">\n\t\t\t\t<div class=\"elementor-widget-container\">\n\t\t\t\t\t<div class=\"elementor-heading-title elementor-size-default\">MAGNIFIQUE<\/div>\t\t\t\t<\/div>\n\t\t\t\t<\/div>\n\t\t\t\t<div class=\"elementor-element elementor-element-89d058d elementor-widget elementor-widget-text-editor\" data-id=\"89d058d\" data-element_type=\"widget\" data-widget_type=\"text-editor.default\">\n\t\t\t\t<div class=\"elementor-widget-container\">\n\t\t\t\t\t\t\t\t\t<p><b>L\u2019avantage<\/b><span style=\"font-weight: 400;\"> principal de l\u2019enduit de parement min\u00e9ral pour fa\u00e7ades est qu&rsquo;il laisse passer la <\/span><b>vapeur d&rsquo;eau<\/b><span style=\"font-weight: 400;\">. Cela signifie que toute l&rsquo;humidit\u00e9 qui s&rsquo;accumule sur votre fa\u00e7ade peut \u00eatre correctement \u00e9limin\u00e9e.<\/span><\/p><p><span style=\"font-weight: 400;\">Le <\/span><b>m\u00e9lange \u00e9cologique<\/b><span style=\"font-weight: 400;\"> de ciment et\/ou de chaux avec des granul\u00e9s est id\u00e9al pour traiter <\/span><b>les fa\u00e7ades v\u00e9tustes<\/b><span style=\"font-weight: 400;\"> qui souffrent <\/span>d&rsquo;<b><a href=\"\/fr\/platrage-de-facade\/problemes-dhumidite\/\">humidit\u00e9 ascensionnelle<\/a><\/b><span style=\"font-weight: 400;\">. De plus, l\u2019enduit de parement min\u00e9ral pour fa\u00e7ades est \u00e9galement un <\/span>pl\u00e2tre de parement<span style=\"font-weight: 400;\">, qui donne \u00e0 vos fa\u00e7ades la <\/span><b>classe<\/b><span style=\"font-weight: 400;\"> n\u00e9cessaire.<\/span><\/p>\t\t\t\t\t\t\t\t<\/div>\n\t\t\t\t<\/div>\n\t\t\t\t<div class=\"elementor-element elementor-element-8b47f14 elementor-mobile-align-center elementor-tablet-align-center elementor-invisible elementor-widget elementor-widget-button\" data-id=\"8b47f14\" data-element_type=\"widget\" data-settings=\"{&quot;_animation&quot;:&quot;slideInDown&quot;,&quot;_animation_delay&quot;:800}\" data-widget_type=\"button.default\">\n\t\t\t\t<div class=\"elementor-widget-container\">\n\t\t\t\t\t\t\t\t\t<div class=\"elementor-button-wrapper\">\n\t\t\t\t\t<a class=\"elementor-button elementor-button-link elementor-size-md\" href=\"\/fr\/contact\/\">\n\t\t\t\t\t\t<span class=\"elementor-button-content-wrapper\">\n\t\t\t\t\t\t<span class=\"elementor-button-icon\">\n\t\t\t\t<i aria-hidden=\"true\" class=\"fas fa-caret-right\"><\/i>\t\t\t<\/span>\n\t\t\t\t\t\t\t\t\t<span class=\"elementor-button-text\">Contactez-nous<\/span>\n\t\t\t\t\t<\/span>\n\t\t\t\t\t<\/a>\n\t\t\t\t<\/div>\n\t\t\t\t\t\t\t\t<\/div>\n\t\t\t\t<\/div>\n\t\t\t\t\t<\/div>\n\t\t<\/div>\n\t\t\t\t\t<\/div>\n\t\t<\/section>\n\t\t\t\t<section class=\"elementor-section elementor-top-section elementor-element elementor-element-b92fff7 elementor-section-boxed elementor-section-height-default elementor-section-height-default\" data-id=\"b92fff7\" data-element_type=\"section\" data-settings=\"{&quot;background_background&quot;:&quot;classic&quot;}\">\n\t\t\t\t\t\t\t<div class=\"elementor-background-overlay\"><\/div>\n\t\t\t\t\t\t\t<div class=\"elementor-container elementor-column-gap-no\">\n\t\t\t\t\t<div class=\"elementor-column elementor-col-100 elementor-top-column elementor-element elementor-element-d768c0c\" data-id=\"d768c0c\" data-element_type=\"column\">\n\t\t\t<div class=\"elementor-widget-wrap elementor-element-populated\">\n\t\t\t\t\t\t<section class=\"elementor-section elementor-inner-section elementor-element elementor-element-88c45bc elementor-section-boxed elementor-section-height-default elementor-section-height-default\" data-id=\"88c45bc\" data-element_type=\"section\">\n\t\t\t\t\t\t<div class=\"elementor-container elementor-column-gap-no\">\n\t\t\t\t\t<div class=\"elementor-column elementor-col-25 elementor-inner-column elementor-element elementor-element-7f85e08\" data-id=\"7f85e08\" data-element_type=\"column\">\n\t\t\t<div class=\"elementor-widget-wrap elementor-element-populated\">\n\t\t\t\t\t\t<div class=\"elementor-element elementor-element-920ca4c elementor-bg-transform elementor-bg-transform-move-right elementor-cta--skin-classic elementor-animated-content elementor-widget elementor-widget-call-to-action\" data-id=\"920ca4c\" data-element_type=\"widget\" data-widget_type=\"call-to-action.default\">\n\t\t\t\t<div class=\"elementor-widget-container\">\n\t\t\t\t\t\t\t<a class=\"elementor-cta\" href=\"https:\/\/demeuter-oltmans.be\/fr\/platrage-de-facade\/enduit-de-parement-mineral-pour-facades\/\">\n\t\t\t\t\t\t\t<div class=\"elementor-cta__content\">\n\t\t\t\t\t\t\t\t\t<div class=\"elementor-content-item elementor-cta__content-item elementor-icon-wrapper elementor-cta__icon elementor-view-stacked elementor-shape-circle\">\n\t\t\t\t\t\t<div class=\"elementor-icon\">\n\t\t\t\t\t\t\t<svg xmlns=\"http:\/\/www.w3.org\/2000\/svg\" xmlns:xlink=\"http:\/\/www.w3.org\/1999\/xlink\" id=\"Laag_1\" x=\"0px\" y=\"0px\" viewBox=\"0 0 125 125\" style=\"enable-background:new 0 0 125 125;\" xml:space=\"preserve\"><style type=\"text\/css\">\t.st0{fill:none;stroke:#FFFFFF;stroke-width:2;stroke-miterlimit:10;}\t.st1{fill:none;stroke:#DF7016;stroke-width:2;stroke-miterlimit:10;}<\/style><polygon class=\"st0\" points=\"68.5,114.7 98.2,114.7 98.2,75.5 68.5,53.3 38.3,75.7 38.3,114.7 \"><\/polygon><line class=\"st0\" x1=\"68.5\" y1=\"53.3\" x2=\"68.5\" y2=\"114.7\"><\/line><polyline class=\"st0\" points=\"38.3,75.7 35,78.2 28,71.2 68.5,40 108.5,70 100.8,77.7 98.2,75.5 \"><\/polyline><polygon class=\"st0\" points=\"41.1,53.4 57.7,32.3 41.1,10.4 25.3,31.9 \"><\/polygon><line class=\"st0\" x1=\"25.3\" y1=\"31.9\" x2=\"52.5\" y2=\"31.9\"><\/line><line class=\"st0\" x1=\"41.1\" y1=\"10.4\" x2=\"46.9\" y2=\"31.9\"><\/line><line class=\"st0\" x1=\"41.1\" y1=\"53.4\" x2=\"46\" y2=\"35.6\"><\/line><polyline class=\"st0\" points=\"32.6,22.1 26.8,14.7 13.6,31.9 26.8,49.9 30.3,45.2 \"><\/polyline><line class=\"st0\" x1=\"13.6\" y1=\"31.9\" x2=\"20.4\" y2=\"31.9\"><\/line><\/svg>\t\t\t\t\t\t<\/div>\n\t\t\t\t\t<\/div>\n\t\t\t\t\n\t\t\t\t\t\t\t\t\t<h3 class=\"elementor-cta__title elementor-cta__content-item elementor-content-item\">\n\t\t\t\t\t\tEnduit de parement min\u00e9ral pour fa\u00e7ades\t\t\t\t\t<\/h3>\n\t\t\t\t\n\t\t\t\t\t\t\t\t\t<div class=\"elementor-cta__description elementor-cta__content-item elementor-content-item\">\n\t\t\t\t\t\t<p><span style=\"font-weight: 400\">\u00c9cologique &amp; classe<\/span><\/p>\n\t\t\t\t\t<\/div>\n\t\t\t\t\n\t\t\t\t\t\t\t<\/div>\n\t\t\t\t\t\t<\/a>\n\t\t\t\t\t\t<\/div>\n\t\t\t\t<\/div>\n\t\t\t\t\t<\/div>\n\t\t<\/div>\n\t\t\t\t<div class=\"elementor-column elementor-col-25 elementor-inner-column elementor-element elementor-element-4e15d74\" data-id=\"4e15d74\" data-element_type=\"column\">\n\t\t\t<div class=\"elementor-widget-wrap elementor-element-populated\">\n\t\t\t\t\t\t<div class=\"elementor-element elementor-element-dbde020 elementor-bg-transform elementor-bg-transform-move-right elementor-cta--skin-classic elementor-animated-content elementor-widget elementor-widget-call-to-action\" data-id=\"dbde020\" data-element_type=\"widget\" data-widget_type=\"call-to-action.default\">\n\t\t\t\t<div class=\"elementor-widget-container\">\n\t\t\t\t\t\t\t<a class=\"elementor-cta\" href=\"https:\/\/demeuter-oltmans.be\/fr\/platrage-de-facade\/platre-synthetique\/\">\n\t\t\t\t\t\t\t<div class=\"elementor-cta__content\">\n\t\t\t\t\t\t\t\t\t<div class=\"elementor-content-item elementor-cta__content-item elementor-icon-wrapper elementor-cta__icon elementor-view-stacked elementor-shape-circle\">\n\t\t\t\t\t\t<div class=\"elementor-icon\">\n\t\t\t\t\t\t\t<svg xmlns=\"http:\/\/www.w3.org\/2000\/svg\" xmlns:xlink=\"http:\/\/www.w3.org\/1999\/xlink\" id=\"Laag_1\" x=\"0px\" y=\"0px\" viewBox=\"0 0 125 125\" style=\"enable-background:new 0 0 125 125;\" xml:space=\"preserve\"><style type=\"text\/css\">\t.st0{fill:none;stroke:#FFFFFF;stroke-width:2;stroke-miterlimit:10;}\t.st1{fill:none;stroke:#DF7016;stroke-width:2;stroke-miterlimit:10;}<\/style><polygon class=\"st0\" points=\"68.5,114.7 98.2,114.7 98.2,75.5 68.5,53.3 38.3,75.7 38.3,114.7 \"><\/polygon><line class=\"st0\" x1=\"68.5\" y1=\"53.3\" x2=\"68.5\" y2=\"114.7\"><\/line><polyline class=\"st0\" points=\"38.3,75.7 35,78.2 28,71.2 68.5,40 108.5,70 100.8,77.7 98.2,75.5 \"><\/polyline><g>\t<rect x=\"30.5\" y=\"10.4\" class=\"st0\" width=\"12.7\" height=\"3.7\"><\/rect>\t<path class=\"st0\" d=\"M41,20.8V25c5.8,1.8,10,7.2,10,13.5c0,7.8-6.3,14.1-14.1,14.1s-14.1-6.3-14.1-14.1c0-6.5,4.3-11.9,10.3-13.6   V14.1\"><\/path>\t<path class=\"st0\" d=\"M23.1,35.2c0,0,1.7,2.2,4.7,0s4.6,1.5,7,1.5c2.4,0,2-2.6,4.7-2.6s2.6,2.6,4.8,2.6c2.3,0,3-4.2,6-2\"><\/path>\t<path class=\"st0\" d=\"M27.6,43.3c0,0,0.7,2.3,6,5\"><\/path><\/g><\/svg>\t\t\t\t\t\t<\/div>\n\t\t\t\t\t<\/div>\n\t\t\t\t\n\t\t\t\t\t\t\t\t\t<h3 class=\"elementor-cta__title elementor-cta__content-item elementor-content-item\">\n\t\t\t\t\t\tPl\u00e2tre synth\u00e9tique\t\t\t\t\t<\/h3>\n\t\t\t\t\n\t\t\t\t\t\t\t\t\t<div class=\"elementor-cta__description elementor-cta__content-item elementor-content-item\">\n\t\t\t\t\t\t<p><span style=\"font-weight: 400\">\u00c9lastique &amp; durable<\/span><\/p>\n\t\t\t\t\t<\/div>\n\t\t\t\t\n\t\t\t\t\t\t\t<\/div>\n\t\t\t\t\t\t<\/a>\n\t\t\t\t\t\t<\/div>\n\t\t\t\t<\/div>\n\t\t\t\t\t<\/div>\n\t\t<\/div>\n\t\t\t\t<div class=\"elementor-column elementor-col-25 elementor-inner-column elementor-element elementor-element-317f034\" data-id=\"317f034\" data-element_type=\"column\">\n\t\t\t<div class=\"elementor-widget-wrap elementor-element-populated\">\n\t\t\t\t\t\t<div class=\"elementor-element elementor-element-348fd1b elementor-bg-transform elementor-bg-transform-move-right elementor-cta--skin-classic elementor-animated-content elementor-widget elementor-widget-call-to-action\" data-id=\"348fd1b\" data-element_type=\"widget\" data-widget_type=\"call-to-action.default\">\n\t\t\t\t<div class=\"elementor-widget-container\">\n\t\t\t\t\t\t\t<a class=\"elementor-cta\" href=\"https:\/\/demeuter-oltmans.be\/fr\/platrage-de-facade\/enduit-lisse\/\">\n\t\t\t\t\t\t\t<div class=\"elementor-cta__content\">\n\t\t\t\t\t\t\t\t\t<div class=\"elementor-content-item elementor-cta__content-item elementor-icon-wrapper elementor-cta__icon elementor-view-stacked elementor-shape-circle\">\n\t\t\t\t\t\t<div class=\"elementor-icon\">\n\t\t\t\t\t\t\t<svg xmlns=\"http:\/\/www.w3.org\/2000\/svg\" xmlns:xlink=\"http:\/\/www.w3.org\/1999\/xlink\" id=\"Laag_1\" x=\"0px\" y=\"0px\" viewBox=\"0 0 125 125\" style=\"enable-background:new 0 0 125 125;\" xml:space=\"preserve\"><style type=\"text\/css\">\t.st0{fill:none;stroke:#FFFFFF;stroke-width:2;stroke-miterlimit:10;}\t.st1{fill:none;stroke:#DF7016;stroke-width:2;stroke-miterlimit:10;}<\/style><polygon class=\"st0\" points=\"68.5,114.7 98.2,114.7 98.2,75.5 68.5,53.3 38.3,75.7 38.3,114.7 \"><\/polygon><line class=\"st0\" x1=\"68.5\" y1=\"53.3\" x2=\"68.5\" y2=\"114.7\"><\/line><polyline class=\"st0\" points=\"38.3,75.7 35,78.2 28,71.2 68.5,40 108.5,70 100.8,77.7 98.2,75.5 \"><\/polyline><path class=\"st0\" d=\"M17.7,16.4c0,0,5.8-6,17.6-6s18.7,6,18.7,6s7.6,26.6-18.2,37C35.9,53.4,12.2,46,17.7,16.4z\"><\/path><polyline class=\"st0\" points=\"30,29 35.3,36.3 43.1,24.3 \"><\/polyline><\/svg>\t\t\t\t\t\t<\/div>\n\t\t\t\t\t<\/div>\n\t\t\t\t\n\t\t\t\t\t\t\t\t\t<h3 class=\"elementor-cta__title elementor-cta__content-item elementor-content-item\">\n\t\t\t\t\t\tEnduit lisse\t\t\t\t\t<\/h3>\n\t\t\t\t\n\t\t\t\t\t\t\t\t\t<div class=\"elementor-cta__description elementor-cta__content-item elementor-content-item\">\n\t\t\t\t\t\t<p><span style=\"font-weight: 400\">R\u00e9sistant \u00e0 la d\u00e9chirure et \u00e0 l\u2019eau<\/span><\/p>\n\t\t\t\t\t<\/div>\n\t\t\t\t\n\t\t\t\t\t\t\t<\/div>\n\t\t\t\t\t\t<\/a>\n\t\t\t\t\t\t<\/div>\n\t\t\t\t<\/div>\n\t\t\t\t\t<\/div>\n\t\t<\/div>\n\t\t\t\t<div class=\"elementor-column elementor-col-25 elementor-inner-column elementor-element elementor-element-aba6935\" data-id=\"aba6935\" data-element_type=\"column\">\n\t\t\t<div class=\"elementor-widget-wrap elementor-element-populated\">\n\t\t\t\t\t\t<div class=\"elementor-element elementor-element-ab322e6 elementor-bg-transform elementor-bg-transform-move-right elementor-cta--skin-classic elementor-animated-content elementor-widget elementor-widget-call-to-action\" data-id=\"ab322e6\" data-element_type=\"widget\" data-widget_type=\"call-to-action.default\">\n\t\t\t\t<div class=\"elementor-widget-container\">\n\t\t\t\t\t\t\t<a class=\"elementor-cta\" href=\"https:\/\/demeuter-oltmans.be\/fr\/platrage-de-facade\/problemes-dhumidite\/\">\n\t\t\t\t\t\t\t<div class=\"elementor-cta__content\">\n\t\t\t\t\t\t\t\t\t<div class=\"elementor-content-item elementor-cta__content-item elementor-icon-wrapper elementor-cta__icon elementor-view-stacked elementor-shape-circle\">\n\t\t\t\t\t\t<div class=\"elementor-icon\">\n\t\t\t\t\t\t\t<svg xmlns=\"http:\/\/www.w3.org\/2000\/svg\" xmlns:xlink=\"http:\/\/www.w3.org\/1999\/xlink\" id=\"Laag_1\" x=\"0px\" y=\"0px\" viewBox=\"0 0 125 125\" style=\"enable-background:new 0 0 125 125;\" xml:space=\"preserve\"><style type=\"text\/css\">\t.st0{fill:none;stroke:#FFFFFF;stroke-width:2;stroke-miterlimit:10;}\t.st1{fill:none;stroke:#DF7016;stroke-width:2;stroke-miterlimit:10;}<\/style><polygon class=\"st0\" points=\"73.5,114.7 103.2,114.7 103.2,75.5 73.5,53.3 43.3,75.7 43.3,114.7 \"><\/polygon><line class=\"st0\" x1=\"73.5\" y1=\"53.3\" x2=\"73.5\" y2=\"114.7\"><\/line><polyline class=\"st0\" points=\"43.3,75.7 40,78.2 33,71.2 73.5,40 113.5,70 105.8,77.7 103.2,75.5 \"><\/polyline><path class=\"st0\" d=\"M43,10.4c0,0-19.3,20.6-16.4,30.8S38,53.7,43,53.7s16.3-5.9,16.3-15.2S43,10.4,43,10.4z\"><\/path><path class=\"st0\" d=\"M33.2,22.9c-3.6-6.2-9-12.5-9-12.5S9.9,25.6,12,33.2c1.6,5.6,5.5,8,8.9,8.9\"><\/path><\/svg>\t\t\t\t\t\t<\/div>\n\t\t\t\t\t<\/div>\n\t\t\t\t\n\t\t\t\t\t\t\t\t\t<h3 class=\"elementor-cta__title elementor-cta__content-item elementor-content-item\">\n\t\t\t\t\t\tProbl\u00e8mes d\u2019humidit\u00e9\t\t\t\t\t<\/h3>\n\t\t\t\t\n\t\t\t\t\t\t\t\t\t<div class=\"elementor-cta__description elementor-cta__content-item elementor-content-item\">\n\t\t\t\t\t\t<p><span style=\"font-weight: 400\">Willco a la solution<\/span><\/p>\n\t\t\t\t\t<\/div>\n\t\t\t\t\n\t\t\t\t\t\t\t<\/div>\n\t\t\t\t\t\t<\/a>\n\t\t\t\t\t\t<\/div>\n\t\t\t\t<\/div>\n\t\t\t\t\t<\/div>\n\t\t<\/div>\n\t\t\t\t\t<\/div>\n\t\t<\/section>\n\t\t\t\t\t<\/div>\n\t\t<\/div>\n\t\t\t\t\t<\/div>\n\t\t<\/section>\n\t\t\t\t<section class=\"elementor-section elementor-top-section elementor-element elementor-element-9c18abe elementor-section-full_width elementor-section-height-default elementor-section-height-default\" data-id=\"9c18abe\" data-element_type=\"section\">\n\t\t\t\t\t\t<div class=\"elementor-container elementor-column-gap-wider\">\n\t\t\t\t\t<div class=\"elementor-column elementor-col-100 elementor-top-column elementor-element elementor-element-9c875d0\" data-id=\"9c875d0\" data-element_type=\"column\">\n\t\t\t<div class=\"elementor-widget-wrap elementor-element-populated\">\n\t\t\t\t\t\t<section class=\"elementor-section elementor-inner-section elementor-element elementor-element-fe8d19f elementor-section-height-min-height elementor-section-boxed elementor-section-height-default\" data-id=\"fe8d19f\" data-element_type=\"section\" data-settings=\"{&quot;background_background&quot;:&quot;classic&quot;}\">\n\t\t\t\t\t\t\t<div class=\"elementor-background-overlay\"><\/div>\n\t\t\t\t\t\t\t<div class=\"elementor-container elementor-column-gap-wider\">\n\t\t\t\t\t<div class=\"elementor-column elementor-col-50 elementor-inner-column elementor-element elementor-element-df491b7\" data-id=\"df491b7\" data-element_type=\"column\">\n\t\t\t<div class=\"elementor-widget-wrap elementor-element-populated\">\n\t\t\t\t\t\t<div class=\"elementor-element elementor-element-314be42 elementor-widget elementor-widget-heading\" data-id=\"314be42\" data-element_type=\"widget\" data-widget_type=\"heading.default\">\n\t\t\t\t<div class=\"elementor-widget-container\">\n\t\t\t\t\t<h3 class=\"elementor-heading-title elementor-size-default\">L\u2019enduit de parement min\u00e9ral vous int\u00e9resse ?<\/h3>\t\t\t\t<\/div>\n\t\t\t\t<\/div>\n\t\t\t\t<div class=\"elementor-element elementor-element-3639b9b elementor-widget elementor-widget-heading\" data-id=\"3639b9b\" data-element_type=\"widget\" data-widget_type=\"heading.default\">\n\t\t\t\t<div class=\"elementor-widget-container\">\n\t\t\t\t\t<div class=\"elementor-heading-title elementor-size-default\">N'h\u00e9sitez pas \u00e0 demander votre offre sans engagement !<\/div>\t\t\t\t<\/div>\n\t\t\t\t<\/div>\n\t\t\t\t\t<\/div>\n\t\t<\/div>\n\t\t\t\t<div class=\"elementor-column elementor-col-50 elementor-inner-column elementor-element elementor-element-fdc027f\" data-id=\"fdc027f\" data-element_type=\"column\">\n\t\t\t<div class=\"elementor-widget-wrap elementor-element-populated\">\n\t\t\t\t\t\t<div class=\"elementor-element elementor-element-bf2196e elementor-mobile-align-center elementor-align-right elementor-widget__width-auto elementor-tablet-align-left elementor-widget elementor-widget-button\" data-id=\"bf2196e\" data-element_type=\"widget\" data-widget_type=\"button.default\">\n\t\t\t\t<div class=\"elementor-widget-container\">\n\t\t\t\t\t\t\t\t\t<div class=\"elementor-button-wrapper\">\n\t\t\t\t\t<a class=\"elementor-button elementor-button-link elementor-size-md\" href=\"\/fr\/contact\/\">\n\t\t\t\t\t\t<span class=\"elementor-button-content-wrapper\">\n\t\t\t\t\t\t<span class=\"elementor-button-icon\">\n\t\t\t\t<i aria-hidden=\"true\" class=\"fas fa-caret-right\"><\/i>\t\t\t<\/span>\n\t\t\t\t\t\t\t\t\t<span class=\"elementor-button-text\">Je souhaite une offre<\/span>\n\t\t\t\t\t<\/span>\n\t\t\t\t\t<\/a>\n\t\t\t\t<\/div>\n\t\t\t\t\t\t\t\t<\/div>\n\t\t\t\t<\/div>\n\t\t\t\t<div class=\"elementor-element elementor-element-28dce6d elementor-widget__width-auto elementor-hidden-phone elementor-widget elementor-widget-image\" data-id=\"28dce6d\" data-element_type=\"widget\" data-widget_type=\"image.default\">\n\t\t\t\t<div class=\"elementor-widget-container\">\n\t\t\t\t\t\t\t\t\t\t\t\t\t\t\t\t<a href=\"#elementor-action%3Aaction%3Dlightbox%26settings%3DeyJ0eXBlIjoidmlkZW8iLCJ2aWRlb1R5cGUiOiJob3N0ZWQiLCJ1cmwiOiJodHRwczpcL1wvZGVtZXV0ZXItb2x0bWFucy50ZXN0LWdyb3VuZC5iZVwvd3AtY29udGVudFwvdXBsb2Fkc1wvMjAyMVwvMDNcL3ZpZGVvLTEubXA0In0%3D\">\n\t\t\t\t\t\t\t<img decoding=\"async\" src=\"https:\/\/demeuter-oltmans.be\/wp-content\/uploads\/elementor\/thumbs\/Group-187-pvijomls0iplmli4hlua4cswzhhljqp0y7vlyufs6s.png\" title=\"Group-187.png\" alt=\"Group-187.png\" class=\"elementor-animation-grow\" loading=\"lazy\" \/>\t\t\t\t\t\t\t\t<\/a>\n\t\t\t\t\t\t\t\t\t\t\t\t\t\t\t<\/div>\n\t\t\t\t<\/div>\n\t\t\t\t\t<\/div>\n\t\t<\/div>\n\t\t\t\t\t<\/div>\n\t\t<\/section>\n\t\t\t\t\t<\/div>\n\t\t<\/div>\n\t\t\t\t\t<\/div>\n\t\t<\/section>\n\t\t\t\t<\/div>\n\t\t","protected":false},"excerpt":{"rendered":"<p>Demander une offre Enduit de parement min\u00e9ral comme alternative \u00e9cologique MAGNIFIQUE L\u2019avantage principal de l\u2019enduit de parement min\u00e9ral pour fa\u00e7ades est qu&rsquo;il laisse passer la vapeur d&rsquo;eau. Cela signifie que toute l&rsquo;humidit\u00e9 qui s&rsquo;accumule sur votre fa\u00e7ade peut \u00eatre correctement \u00e9limin\u00e9e. Le m\u00e9lange \u00e9cologique de ciment et\/ou de chaux avec des granul\u00e9s est id\u00e9al pour [&hellip;]<\/p>\n","protected":false},"author":1,"featured_media":0,"parent":3102,"menu_order":0,"comment_status":"closed","ping_status":"closed","template":"elementor_header_footer","meta":{"footnotes":""},"class_list":["post-3106","page","type-page","status-publish","hentry"],"_links":{"self":[{"href":"https:\/\/demeuter-oltmans.be\/fr\/wp-json\/wp\/v2\/pages\/3106","targetHints":{"allow":["GET"]}}],"collection":[{"href":"https:\/\/demeuter-oltmans.be\/fr\/wp-json\/wp\/v2\/pages"}],"about":[{"href":"https:\/\/demeuter-oltmans.be\/fr\/wp-json\/wp\/v2\/types\/page"}],"author":[{"embeddable":true,"href":"https:\/\/demeuter-oltmans.be\/fr\/wp-json\/wp\/v2\/users\/1"}],"replies":[{"embeddable":true,"href":"https:\/\/demeuter-oltmans.be\/fr\/wp-json\/wp\/v2\/comments?post=3106"}],"version-history":[{"count":20,"href":"https:\/\/demeuter-oltmans.be\/fr\/wp-json\/wp\/v2\/pages\/3106\/revisions"}],"predecessor-version":[{"id":4285,"href":"https:\/\/demeuter-oltmans.be\/fr\/wp-json\/wp\/v2\/pages\/3106\/revisions\/4285"}],"up":[{"embeddable":true,"href":"https:\/\/demeuter-oltmans.be\/fr\/wp-json\/wp\/v2\/pages\/3102"}],"wp:attachment":[{"href":"https:\/\/demeuter-oltmans.be\/fr\/wp-json\/wp\/v2\/media?parent=3106"}],"curies":[{"name":"wp","href":"https:\/\/api.w.org\/{rel}","templated":true}]}}